{"id":35838,"date":"2025-11-25T16:33:14","date_gmt":"2025-11-25T16:33:14","guid":{"rendered":"https:\/\/tech-away.it\/?post_type=product&#038;p=35838"},"modified":"2025-11-25T16:34:16","modified_gmt":"2025-11-25T16:34:16","slug":"35838","status":"publish","type":"product","link":"https:\/\/tech-away.it\/en\/product\/35838\/","title":{"rendered":"Iphone 14 pro"},"content":{"rendered":"<p>L&#8217;iPhone 14 Pro ti offre un&#8217;esperienza del tutto nuova grazie all&#8217;innovativo chip A16 Bionic. Dynamic Island sar\u00e0 a portata di tocco, consentendoti di gestire facilmente la musica, FaceTime e tanto altro. Potrai anche personalizzare la schermata di blocco in base alle tue esigenze. L&#8217;iPhone 14 Pro inoltre ha moltissime nuove funzionalit\u00e0. Ora infatti puoi scattare foto pi\u00f9 dettagliate con un sensore pi\u00f9 ampio del 65% e una risoluzione quadruplicata. Include anche 2 flash pi\u00f9 luminosi e una batteria che dura tutto il giorno. Inoltre, \u00e8 dotato della tecnologia salvavita pi\u00f9 all&#8217;avanguardia di sempre: Rilevamento incidenti e SOS emergenze.<\/p>","protected":false},"excerpt":{"rendered":"<p>L&#8217;iPhone 14 Pro ti offre un&#8217;esperienza del tutto nuova grazie all&#8217;innovativo chip A16 Bionic. Dynamic Island sar\u00e0 a portata di<\/p>","protected":false},"featured_media":35843,"comment_status":"open","ping_status":"closed","template":"","meta":[],"product_brand":[],"product_cat":[71,73],"product_tag":[128,166,628,343,197],"class_list":{"0":"post-35838","1":"product","2":"type-product","3":"status-publish","4":"has-post-thumbnail","6":"product_cat-apple","7":"product_cat-iphone","8":"product_tag-128gb","9":"product_tag-argento","10":"product_tag-garanzia-1-anno","11":"product_tag-iphone-14-pro","12":"product_tag-ottimo","14":"first","15":"instock","16":"shipping-taxable","17":"purchasable","18":"product-type-variable","19":"has-default-attributes"},"_links":{"self":[{"href":"https:\/\/tech-away.it\/en\/wp-json\/wp\/v2\/product\/35838","targetHints":{"allow":["GET"]}}],"collection":[{"href":"https:\/\/tech-away.it\/en\/wp-json\/wp\/v2\/product"}],"about":[{"href":"https:\/\/tech-away.it\/en\/wp-json\/wp\/v2\/types\/product"}],"replies":[{"embeddable":true,"href":"https:\/\/tech-away.it\/en\/wp-json\/wp\/v2\/comments?post=35838"}],"version-history":[{"count":3,"href":"https:\/\/tech-away.it\/en\/wp-json\/wp\/v2\/product\/35838\/revisions"}],"predecessor-version":[{"id":35847,"href":"https:\/\/tech-away.it\/en\/wp-json\/wp\/v2\/product\/35838\/revisions\/35847"}],"wp:featuredmedia":[{"embeddable":true,"href":"https:\/\/tech-away.it\/en\/wp-json\/wp\/v2\/media\/35843"}],"wp:attachment":[{"href":"https:\/\/tech-away.it\/en\/wp-json\/wp\/v2\/media?parent=35838"}],"wp:term":[{"taxonomy":"product_brand","embeddable":true,"href":"https:\/\/tech-away.it\/en\/wp-json\/wp\/v2\/product_brand?post=35838"},{"taxonomy":"product_cat","embeddable":true,"href":"https:\/\/tech-away.it\/en\/wp-json\/wp\/v2\/product_cat?post=35838"},{"taxonomy":"product_tag","embeddable":true,"href":"https:\/\/tech-away.it\/en\/wp-json\/wp\/v2\/product_tag?post=35838"}],"curies":[{"name":"wp","href":"https:\/\/api.w.org\/{rel}","templated":true}]}}