{"id":35367,"date":"2025-05-19T16:14:15","date_gmt":"2025-05-19T16:14:15","guid":{"rendered":"https:\/\/tech-away.it\/?post_type=product&#038;p=35367"},"modified":"2025-12-05T12:39:15","modified_gmt":"2025-12-05T12:39:15","slug":"iphone-15-pro-max-2","status":"publish","type":"product","link":"https:\/\/tech-away.it\/en\/product\/iphone-15-pro-max-2\/","title":{"rendered":"iPhone 15 Pro Max"},"content":{"rendered":"<p>iPhone 15 Pro Max.<br \/>\niPhone 15 Pro Max. Forgiato nel titanio, con chip A17 Pro, tasto Azione personalizzabile e il pi\u00f9 potente sistema di fotocamere mai visto su un iPhone.<\/p>\n<p>Caratteristiche principali<br \/>\n&#8211; FORGIATO NEL TITANIO \u2013 iPhone 15 Pro Max ha un design robusto e leggero in titanio di grado aerospaziale con vetro posteriore opaco e parte frontale in Ceramic Shield, pi\u00f9 resistente di qualsiasi altro vetro per smartphone. Ed \u00e8 a prova di schizzi, gocce e polvere.1<br \/>\n&#8211; DISPLAY EVOLUTO \u2013 Il display Super Retina XDR da 6,7&#8243;2 con ProMotion spinge il refresh rate fino a 120Hz quando ti servono prestazioni grafiche al top. La Dynamic Island ti mostra avvisi e attivit\u00e0 in tempo reale. E con il display always-on, la schermata di blocco \u00e8 sempre visibile: non devi nemmeno toccarla per sapere cosa c\u2019\u00e8 di nuovo.<br \/>\n&#8211; A17 PRO, UN CHIP CLAMOROSAMENTE INNOVATIVO \u2013 Grazie alla GPU di classe Pro, i giochi sono incredibilmente immersivi, con ambienti dettagliati e personaggi realistici. Il chip A17 Pro \u00e8 anche efficientissimo, cos\u00ec la batteria dura tutto il giorno.3<br \/>\n&#8211; POTENTE SISTEMA DI FOTOCAMERE PRO \u2013 Con sette obiettivi professionali a disposizione, l\u2019inquadratura perfetta \u00e8 a portata di mano. Fai foto ad altissima risoluzione con colori pi\u00f9 intensi e dettagli pi\u00f9 definiti, usando la fotocamera principale da 48MP. E con il teleobiettivo 5x su iPhone 15 Pro Max puoi zoomare sul soggetto per scattare primi piani nitidissimi da ancora pi\u00f9 lontano.<br \/>\n&#8211; TASTO AZIONE PERSONALIZZABILE \u2013 Il tasto Azione ti permette di attivare al volo la tua funzione preferita. Scegli tra Silenzioso, Fotocamera, Memo vocale, Comando rapido e altro ancora: una volta impostata la funzione, ti baster\u00e0 tenere premuto per attivarla.<br \/>\n&#8211; CONNESSIONI DA PRO \u2013 Il nuovo connettore USB-C ti permette di caricare il Mac o l\u2019iPad con lo stesso cavo che usi per il tuo iPhone 15 Pro Max. Ed \u00e8 compatibile con lo standard USB 3, per un trasferimento dati ultrarapido.4 Non solo: con il Wi-Fi 6E, i download sono fino a due volte pi\u00f9 veloci.5<br \/>\n&#8211; FUNZIONI DI SICUREZZA \u2013 Se devi chiamare i soccorsi ma non c\u2019\u00e8 campo o non ci sono reti Wi-Fi disponibili, puoi usare SOS emergenze via satellite.6 E con Rilevamento incidenti, iPhone pu\u00f2 riconoscere un grave incidente d\u2019auto e chiamare aiuto se tu non puoi.7<br \/>\n&#8211; PENSATO PENSANDO A TUTTO \u2013 iPhone ha funzioni che proteggono la tua privacy e ti aiutano a tenere sotto controllo i tuoi dati. \u00c8 realizzato con ancora pi\u00f9 materiali riciclati per ridurre al minimo l\u2019impatto ambientale. E include di serie funzioni che lo rendono accessibile a ogni persona.<br \/>\n&#8211; GARANZIA APPLECARE INCLUSA \u2013 Con l\u2019acquisto di un iPhone hai fino a 90 giorni di supporto tecnico gratuito e una garanzia limitata di un anno. Per estendere la garanzia, aggiungi AppleCare+ o AppleCare+ con copertura per furto e smarrimento.<\/p>","protected":false},"excerpt":{"rendered":"<p><!--more--><\/p>","protected":false},"featured_media":35155,"comment_status":"open","ping_status":"closed","template":"","meta":[],"product_brand":[],"product_cat":[71,73],"product_tag":[178,215,158,179,242,300,197,573,572,574,575],"class_list":{"0":"post-35367","1":"product","2":"type-product","3":"status-publish","4":"has-post-thumbnail","6":"product_cat-apple","7":"product_cat-iphone","8":"product_tag-12-mesi-garanzia","9":"product_tag-buono","10":"product_tag-come-nuovo","11":"product_tag-garanzia-24-mesi","12":"product_tag-garanzia-6-mesi","13":"product_tag-molto-buono","14":"product_tag-ottimo","15":"product_tag-titanio-bianco","16":"product_tag-titanio-blu","17":"product_tag-titanio-naturale","18":"product_tag-titanio-nero","20":"first","21":"outofstock","22":"shipping-taxable","23":"purchasable","24":"product-type-variable","25":"has-default-attributes"},"_links":{"self":[{"href":"https:\/\/tech-away.it\/en\/wp-json\/wp\/v2\/product\/35367","targetHints":{"allow":["GET"]}}],"collection":[{"href":"https:\/\/tech-away.it\/en\/wp-json\/wp\/v2\/product"}],"about":[{"href":"https:\/\/tech-away.it\/en\/wp-json\/wp\/v2\/types\/product"}],"replies":[{"embeddable":true,"href":"https:\/\/tech-away.it\/en\/wp-json\/wp\/v2\/comments?post=35367"}],"version-history":[{"count":1,"href":"https:\/\/tech-away.it\/en\/wp-json\/wp\/v2\/product\/35367\/revisions"}],"predecessor-version":[{"id":35512,"href":"https:\/\/tech-away.it\/en\/wp-json\/wp\/v2\/product\/35367\/revisions\/35512"}],"wp:featuredmedia":[{"embeddable":true,"href":"https:\/\/tech-away.it\/en\/wp-json\/wp\/v2\/media\/35155"}],"wp:attachment":[{"href":"https:\/\/tech-away.it\/en\/wp-json\/wp\/v2\/media?parent=35367"}],"wp:term":[{"taxonomy":"product_brand","embeddable":true,"href":"https:\/\/tech-away.it\/en\/wp-json\/wp\/v2\/product_brand?post=35367"},{"taxonomy":"product_cat","embeddable":true,"href":"https:\/\/tech-away.it\/en\/wp-json\/wp\/v2\/product_cat?post=35367"},{"taxonomy":"product_tag","embeddable":true,"href":"https:\/\/tech-away.it\/en\/wp-json\/wp\/v2\/product_tag?post=35367"}],"curies":[{"name":"wp","href":"https:\/\/api.w.org\/{rel}","templated":true}]}}