{"id":34920,"date":"2025-04-24T09:22:02","date_gmt":"2025-04-24T09:22:02","guid":{"rendered":"https:\/\/tech-away.it\/?post_type=product&#038;p=34920"},"modified":"2025-12-05T12:30:48","modified_gmt":"2025-12-05T12:30:48","slug":"iphone-15","status":"publish","type":"product","link":"https:\/\/tech-away.it\/en\/product\/iphone-15\/","title":{"rendered":"iPhone 15"},"content":{"rendered":"<p><b>Apple iPhone 15<\/b><\/p>\n<p><b>Dynamic Island su Iphone 15:<\/b><br \/>\nLa Dynamic Island ti mostra notifiche e attivit\u00e0 in tempo reale, cos\u00ec non ti perdi nulla: puoi vedere chi ti sta chiamando, sapere se il tuo volo \u00e8 in orario e molto altro.<\/p>\n<p><b>Design innovativo:<\/b><br \/>\nIPhone 15 ha un robusto design realizzato in vetro a infusione di colore e in alluminio. \u00c8 a prova di schizzi, gocce e polvere. La parte frontale in Ceramic Shield \u00e8 pi\u00f9 forte di qualunque vetro per smartphone. E il display Super Retina XDR da 6,1&#8243; \u00e8 fino a due volte pi\u00f9 luminoso in pieno sole rispetto quello di iPhone 14.<\/p>\n<p><b>Fotocamera principale da 48mp con teleobiettivo 2x:<\/b><br \/>\nLa fotocamera principale da 48MP scatta foto ad altissima risoluzione, per darti immagini splendide e incredibilmente dettagliate. E con il teleobiettivo 2x di qualit\u00e0 ottica \u00e8 facile comporre l\u2019inquadratura perfetta per i tuoi primi piani.<\/p>\n<p><b>Ritratti di nuova generazione:<\/b><br \/>\nScatta ritratti ancora pi\u00f9 dettagliati e con colori pi\u00f9 intensi. Inoltre puoi spostare la messa a fuoco su un altro soggetto, anche dopo aver scattato: basta un tap.<\/p>\n<p><b>Potentissimo chip A16 bionic:<\/b><br \/>\nIl chip ultraveloce permette funzioni evolute come la fotografia computazionale, le transizioni fluide della Dynamic Island, e la modalit\u00e0 \u201cIsolamento vocale\u201d per le chiamate. Ed \u00e8 anche incredibilmente efficiente, cos\u00ec la batteria dura tutto il giorno.<\/p>\n<p><b>Connettivit\u00e0 USB-C:<\/b><br \/>\nIl nuovo connettore USB-C ti permette di caricare il Mac o l\u2019iPad con lo stesso cavo che usi per il tuo iPhone 15. E ora puoi anche usare l\u2019iPhone 15 per caricare il tuo Apple Watch o gli AirPods.<\/p>\n<p><b>Funzioni di sicurezza:<\/b><br \/>\nSe devi chiamare i soccorsi ma non c\u2019\u00e8 campo o non ci sono reti Wi-Fi disponibili, puoi usare SOS emergenze via satellite.4 E con Rilevamento incidenti, iPhone pu\u00f2 riconoscere un grave incidente d\u2019auto e chiamare aiuto se tu non puoi.<\/p>\n<p><b>Pensato pensando a tutto:<\/b><br \/>\niPhone ha funzioni che proteggono la tua privacy e ti aiutano a tenere sotto controllo i tuoi dati. \u00c8 realizzato con ancora pi\u00f9 materiali riciclati per ridurre al minimo l\u2019impatto ambientale. E include di serie funzioni che lo rendono accessibile a ogni persona.<\/p>\n<p><b>Garanzia applecare inclusa:<\/b><br \/>\nCon l\u2019acquisto di un iPhone hai fino a 90 giorni di supporto tecnico gratuito e una garanzia limitata di un anno. Per estendere la garanzia, aggiungi AppleCare+ o AppleCare+ con copertura per furto e smarrimento.<\/p>","protected":false},"excerpt":{"rendered":"<p>Apple iPhone 15 Dynamic Island su Iphone 15: La Dynamic Island ti mostra notifiche e attivit\u00e0 in tempo reale, cos\u00ec<\/p>","protected":false},"featured_media":34912,"comment_status":"open","ping_status":"closed","template":"","meta":[],"product_brand":[],"product_cat":[71,73],"product_tag":[193,215,158,424,179,242,544,300,159,197,225],"class_list":{"0":"post-34920","1":"product","2":"type-product","3":"status-publish","4":"has-post-thumbnail","6":"product_cat-apple","7":"product_cat-iphone","8":"product_tag-azzurro","9":"product_tag-buono","10":"product_tag-come-nuovo","11":"product_tag-garanzia-12-mesi","12":"product_tag-garanzia-24-mesi","13":"product_tag-garanzia-6-mesi","14":"product_tag-iphone-15","15":"product_tag-molto-buono","16":"product_tag-nero","17":"product_tag-ottimo","18":"product_tag-rosa","20":"first","21":"outofstock","22":"shipping-taxable","23":"product-type-variable","24":"has-default-attributes"},"_links":{"self":[{"href":"https:\/\/tech-away.it\/en\/wp-json\/wp\/v2\/product\/34920","targetHints":{"allow":["GET"]}}],"collection":[{"href":"https:\/\/tech-away.it\/en\/wp-json\/wp\/v2\/product"}],"about":[{"href":"https:\/\/tech-away.it\/en\/wp-json\/wp\/v2\/types\/product"}],"replies":[{"embeddable":true,"href":"https:\/\/tech-away.it\/en\/wp-json\/wp\/v2\/comments?post=34920"}],"version-history":[{"count":1,"href":"https:\/\/tech-away.it\/en\/wp-json\/wp\/v2\/product\/34920\/revisions"}],"predecessor-version":[{"id":35029,"href":"https:\/\/tech-away.it\/en\/wp-json\/wp\/v2\/product\/34920\/revisions\/35029"}],"wp:featuredmedia":[{"embeddable":true,"href":"https:\/\/tech-away.it\/en\/wp-json\/wp\/v2\/media\/34912"}],"wp:attachment":[{"href":"https:\/\/tech-away.it\/en\/wp-json\/wp\/v2\/media?parent=34920"}],"wp:term":[{"taxonomy":"product_brand","embeddable":true,"href":"https:\/\/tech-away.it\/en\/wp-json\/wp\/v2\/product_brand?post=34920"},{"taxonomy":"product_cat","embeddable":true,"href":"https:\/\/tech-away.it\/en\/wp-json\/wp\/v2\/product_cat?post=34920"},{"taxonomy":"product_tag","embeddable":true,"href":"https:\/\/tech-away.it\/en\/wp-json\/wp\/v2\/product_tag?post=34920"}],"curies":[{"name":"wp","href":"https:\/\/api.w.org\/{rel}","templated":true}]}}