{"id":34884,"date":"2025-04-23T15:52:27","date_gmt":"2025-04-23T15:52:27","guid":{"rendered":"https:\/\/tech-away.it\/?post_type=product&#038;p=34884"},"modified":"2025-11-12T11:34:56","modified_gmt":"2025-11-12T11:34:56","slug":"hp-elitebook-830-g7","status":"publish","type":"product","link":"https:\/\/tech-away.it\/en\/product\/hp-elitebook-830-g7\/","title":{"rendered":"HP Elitebook 830 G7"},"content":{"rendered":"<p><span class=\"a-list-item\">HP EliteBook 830 G7 \u00e8 dotato di uno schermo non-touch da 13,3 pollici con risoluzione (1920 x 1080) per immagini incredibilmente chiare e una scheda grafica integrata integrata nel processore Intel Core i7-10610U che utilizzer\u00e0 i 16 GB di RAM del computer per la memoria grafica. <\/span><\/p>\n<p><strong><span class=\"a-list-item\">RAM e processore ad alta velocit\u00e0<\/span><\/strong><\/p>\n<p><span class=\"a-list-item\">La RAM DDR4 da 16 GB a 3200 MHz e i 4 core del processore INTEL a 4 core di decima generazione ti permetteranno di eseguire senza problemi pi\u00f9 applicazioni e schede del browser contemporaneamente e un&#8217;unit\u00e0 a stato solido PCIe NVMe M.2 da 512 GB fornir\u00e0 avvio veloce, trasferimenti dati e archiviazione di file di grandi dimensioni! <\/span><\/p>\n<p><strong><span class=\"a-list-item\">Operating system<\/span><\/strong><\/p>\n<p><span class=\"a-list-item\">Windows 10 \u00e8 il sistema operativo pi\u00f9 testato in battaglia di Microsoft e se si desidera eseguire l&#8217;aggiornamento all&#8217;ultimo Windows 11, Windows 11 \u00e8 un semplice aggiornamento gratuito tramite aggiornamento di Windows. Windows Pro viene fornito con tutto ci\u00f2 che viene fornito con Windows Home, oltre a funzionalit\u00e0 extra che la tua organizzazione potrebbe richiedere come la directory attiva e la crittografia dei dispositivi bitlocker\u00a0<\/span><\/p>\n<p>&nbsp;<\/p>","protected":false},"excerpt":{"rendered":"<p>HP EliteBook 830 G7 \u00e8 dotato di uno schermo non-touch da 13,3 pollici con risoluzione (1920 x 1080) per immagini<\/p>","protected":false},"featured_media":34897,"comment_status":"open","ping_status":"closed","template":"","meta":[],"product_brand":[],"product_cat":[77,79],"product_tag":[],"class_list":{"0":"post-34884","1":"product","2":"type-product","3":"status-publish","4":"has-post-thumbnail","6":"product_cat-microsoft","7":"product_cat-notebook","8":"pa_ram-16gb","10":"first","11":"outofstock","12":"shipping-taxable","13":"purchasable","14":"product-type-variable","15":"has-default-attributes"},"_links":{"self":[{"href":"https:\/\/tech-away.it\/en\/wp-json\/wp\/v2\/product\/34884","targetHints":{"allow":["GET"]}}],"collection":[{"href":"https:\/\/tech-away.it\/en\/wp-json\/wp\/v2\/product"}],"about":[{"href":"https:\/\/tech-away.it\/en\/wp-json\/wp\/v2\/types\/product"}],"replies":[{"embeddable":true,"href":"https:\/\/tech-away.it\/en\/wp-json\/wp\/v2\/comments?post=34884"}],"version-history":[{"count":1,"href":"https:\/\/tech-away.it\/en\/wp-json\/wp\/v2\/product\/34884\/revisions"}],"predecessor-version":[{"id":34902,"href":"https:\/\/tech-away.it\/en\/wp-json\/wp\/v2\/product\/34884\/revisions\/34902"}],"wp:featuredmedia":[{"embeddable":true,"href":"https:\/\/tech-away.it\/en\/wp-json\/wp\/v2\/media\/34897"}],"wp:attachment":[{"href":"https:\/\/tech-away.it\/en\/wp-json\/wp\/v2\/media?parent=34884"}],"wp:term":[{"taxonomy":"product_brand","embeddable":true,"href":"https:\/\/tech-away.it\/en\/wp-json\/wp\/v2\/product_brand?post=34884"},{"taxonomy":"product_cat","embeddable":true,"href":"https:\/\/tech-away.it\/en\/wp-json\/wp\/v2\/product_cat?post=34884"},{"taxonomy":"product_tag","embeddable":true,"href":"https:\/\/tech-away.it\/en\/wp-json\/wp\/v2\/product_tag?post=34884"}],"curies":[{"name":"wp","href":"https:\/\/api.w.org\/{rel}","templated":true}]}}