{"id":33205,"date":"2025-04-03T16:41:25","date_gmt":"2025-04-03T16:41:25","guid":{"rendered":"https:\/\/tech-away.it\/?post_type=product&#038;p=33205"},"modified":"2025-12-05T12:32:23","modified_gmt":"2025-12-05T12:32:23","slug":"samsung-galaxy-s23-ultra","status":"publish","type":"product","link":"https:\/\/tech-away.it\/en\/product\/samsung-galaxy-s23-ultra\/","title":{"rendered":"Samsung Galaxy S23 Ultra"},"content":{"rendered":"<div class=\"sc-bcXHqe ihvAFm\" aria-hidden=\"true\">Samsung Galaxy S23 Ultra<\/div>\n<div class=\"sc-bcXHqe ihvAFm\" aria-hidden=\"true\">Bassa luminosit\u00e0. Fotocamera. Azione<\/div>\n<div id=\"description-content\" class=\"sc-3ddd6ce-6 jRNPUo\">\n<div class=\"sc-d571b66f-0 htKvVi sc-ca7874f-0 fxZZEq\" data-test=\"pdp-description-pim-fallback\">\n<p>Realizza foto e video nitidi, dall&#8217; alba al tramonto. Il sensore della fotocamera e un processore pi\u00f9 veloce si adattano alla scarsit\u00e0 di luce e riducono il rumore. La lente della fotocamera schiarisce lo scatto attenuando i bagliori.<\/p>\n<p>Power for those who never stops<br \/>\nSfrutta al meglio il tuo tempo libero con il processore pi\u00f9 potente mai montato su uno smartphone Samsung Galaxy. Le funzionalit\u00e0 migliorate sulla scheda hanno ottimizzato e reso impeccabile ogni attivit\u00e0, dai giochi allo streaming, senza per\u00f2 prosciugare la batteria<\/p>\n<p>Attention to materials<br \/>\nGalaxy S23 Ultra \u00e8 realizzato impiegando in parte materiali responsabili.2,3 Il vetro riciclato e la pellicola in PET decorano lesterno del telefono. La confezione, invece, \u00e8 realizzata in carta riciclata.<\/p>\n<p>Pure power, by clicking alledit<br \/>\nPassa a Expert RAW per catturare pi\u00f9 dettagli, anche al buio. Imposta lesposizione manualmente oppure lascia che sia la fotocamera a scegliere, poi puntala verso il cielo per immortalare con chiarezza i pianeti e le costellazioni.<\/p>\n<p>Un futuro pi\u00f9 luminoso in vista<br \/>\nIl Display Dynamic AMOLED 2X garantisce dettagli ricchi di colore qualunque sia il livello di luminosit\u00e0 impostato.10 In pi\u00f9, la tecnologia a 120 Hz ottimizza in modo intelligente la frequenza di aggiornamento per rendere pi\u00f9 fluida lazione e risparmiare batteria.<\/p>\n<p>Everything is ready for the final battle<br \/>\nTi presentiamo la batteria a lunga durata progettata per alimentare le tue vittorie. Una batteria intelligente da 5.000 mAh (capacit\u00e0 tipica) che risparmia energia per tutti i tuoi momenti clou, cos\u00ec avrai anche la notte per giocare e fare streaming.<\/p>\n<p>Lo strumento deccellenza del Galaxy Note \u00e8 integrato<br \/>\nLa S Pen tiene viva la tradizione del Galaxy Note. In pi\u00f9, dona massima fluidit\u00e0 agli appunti e ai disegni, rendendo gli sketch e i memo semplici e sostenibili.<\/p>\n<p>Multitasking meets the Multi Control<br \/>\nComincia sul telefono e migra mano a mano che le tue idee crescono. Grazie alla continuit\u00e0 tra dispositivi Samsung Galaxy, puoi usare lo stesso mouse, la stessa tastiera o lo stesso touchpad per passare testi e immagini sul tuo PC con facilit\u00e0, e ritornare al telefono quando devi metterti in movimento.<\/p>\n<p>Your Samsung Galaxy, how would you like it<br \/>\nOra impostare il telefono per le tue esigenze \u00e8 pi\u00f9 facile che mai. One UI amplifica al massimo la personalizzazione, consentendoti di scegliere quasi ogni dettaglio, dalle schermate di blocco e i temi, ai widget e le notifiche.<\/p>\n<p>Transfer data with your eyes closed<br \/>\nUn semplice trasferimento Wi-Fi o un rapido accesso al tuo Samsung Account e il gioco \u00e8 fatto. Con ancora meno passaggi, puoi fare migrare le tue app, le fotografie, i messaggi e tanto altro da qualsiasi sistema operativo al tuo nuovo telefono.<\/p>\n<\/div>\n<\/div>","protected":false},"excerpt":{"rendered":"<p>Samsung Galaxy S23 Ultra Bassa luminosit\u00e0. Fotocamera. Azione Realizza foto e video nitidi, dall&#8217; alba al tramonto. Il sensore della<\/p>","protected":false},"featured_media":33206,"comment_status":"open","ping_status":"closed","template":"","meta":[],"product_brand":[],"product_cat":[80,84],"product_tag":[193,244,215,158,423,424,179,242,187,323,300,159,197,195,312,205,204],"class_list":{"0":"post-33205","1":"product","2":"type-product","3":"status-publish","4":"has-post-thumbnail","6":"product_cat-android","7":"product_cat-smart-phone","8":"product_tag-azzurro","9":"product_tag-beige","10":"product_tag-buono","11":"product_tag-come-nuovo","12":"product_tag-galaxy-s23-ultra","13":"product_tag-garanzia-12-mesi","14":"product_tag-garanzia-24-mesi","15":"product_tag-garanzia-6-mesi","16":"product_tag-grigio","17":"product_tag-lime","18":"product_tag-molto-buono","19":"product_tag-nero","20":"product_tag-ottimo","21":"product_tag-rosso","22":"product_tag-samsung","23":"product_tag-verde","24":"product_tag-viola","26":"first","27":"outofstock","28":"shipping-taxable","29":"product-type-variable","30":"has-default-attributes"},"_links":{"self":[{"href":"https:\/\/tech-away.it\/en\/wp-json\/wp\/v2\/product\/33205","targetHints":{"allow":["GET"]}}],"collection":[{"href":"https:\/\/tech-away.it\/en\/wp-json\/wp\/v2\/product"}],"about":[{"href":"https:\/\/tech-away.it\/en\/wp-json\/wp\/v2\/types\/product"}],"replies":[{"embeddable":true,"href":"https:\/\/tech-away.it\/en\/wp-json\/wp\/v2\/comments?post=33205"}],"version-history":[{"count":1,"href":"https:\/\/tech-away.it\/en\/wp-json\/wp\/v2\/product\/33205\/revisions"}],"predecessor-version":[{"id":33291,"href":"https:\/\/tech-away.it\/en\/wp-json\/wp\/v2\/product\/33205\/revisions\/33291"}],"wp:featuredmedia":[{"embeddable":true,"href":"https:\/\/tech-away.it\/en\/wp-json\/wp\/v2\/media\/33206"}],"wp:attachment":[{"href":"https:\/\/tech-away.it\/en\/wp-json\/wp\/v2\/media?parent=33205"}],"wp:term":[{"taxonomy":"product_brand","embeddable":true,"href":"https:\/\/tech-away.it\/en\/wp-json\/wp\/v2\/product_brand?post=33205"},{"taxonomy":"product_cat","embeddable":true,"href":"https:\/\/tech-away.it\/en\/wp-json\/wp\/v2\/product_cat?post=33205"},{"taxonomy":"product_tag","embeddable":true,"href":"https:\/\/tech-away.it\/en\/wp-json\/wp\/v2\/product_tag?post=33205"}],"curies":[{"name":"wp","href":"https:\/\/api.w.org\/{rel}","templated":true}]}}