{"id":33172,"date":"2025-04-02T17:08:31","date_gmt":"2025-04-02T17:08:31","guid":{"rendered":"https:\/\/tech-away.it\/?post_type=product&#038;p=33172"},"modified":"2025-11-12T11:41:41","modified_gmt":"2025-11-12T11:41:41","slug":"hp-desktop-5h0m6ea-pro-t550","status":"publish","type":"product","link":"https:\/\/tech-away.it\/en\/product\/hp-desktop-5h0m6ea-pro-t550\/","title":{"rendered":"HP DESKTOP 5H0M6EA Pro t550"},"content":{"rendered":"<div class=\"sc-bcXHqe ihvAFm\" aria-hidden=\"true\"><\/div>\n<div id=\"description-content\" class=\"sc-3ddd6ce-6 jRNPUo\">\n<div class=\"sc-d571b66f-0 htKvVi sc-ca7874f-0 fxZZEq\" data-test=\"pdp-description-pim-fallback\">Essential solution for virtual desktop<br \/>\nFavorite la produttivit\u00e0 della forza lavoro con prestazioni stabili e funzionalit\u00e0 di sicurezza avanzate per la tranquillit\u00e0 dell&#8217;IT. Il Thin Client HP Pro t550 resistente consente agli utenti di affrontare con efficienza le attivit\u00e0 quotidiane e di ottimizzare gli ambienti di lavoro con opzioni di configurazione versatili, mentre le diverse opzioni VDI mantengono i team sincronizzati.<\/div>\n<\/div>","protected":false},"excerpt":{"rendered":"<p>Soluzione essenziale di desktop virtuale Favorite la produttivit\u00e0 della forza lavoro con prestazioni stabili e funzionalit\u00e0 di sicurezza avanzate per<\/p>","protected":false},"featured_media":33173,"comment_status":"open","ping_status":"closed","template":"","meta":[],"product_brand":[],"product_cat":[78,77],"product_tag":[178,241,214,272,215,158,179,418,300,197,408,419],"class_list":{"0":"post-33172","1":"product","2":"type-product","3":"status-publish","4":"has-post-thumbnail","6":"product_cat-desktop","7":"product_cat-microsoft","8":"product_tag-12-mesi-garanzia","9":"product_tag-6-mesi-garanzia","10":"product_tag-64gb","11":"product_tag-8gb","12":"product_tag-buono","13":"product_tag-come-nuovo","14":"product_tag-garanzia-24-mesi","15":"product_tag-intel-j6412","16":"product_tag-molto-buono","17":"product_tag-ottimo","18":"product_tag-uhd-graphics","19":"product_tag-windows-10-iot-enterprise","20":"pa_ram-8gb","22":"first","23":"outofstock","24":"shipping-taxable","25":"product-type-variable","26":"has-default-attributes"},"_links":{"self":[{"href":"https:\/\/tech-away.it\/en\/wp-json\/wp\/v2\/product\/33172","targetHints":{"allow":["GET"]}}],"collection":[{"href":"https:\/\/tech-away.it\/en\/wp-json\/wp\/v2\/product"}],"about":[{"href":"https:\/\/tech-away.it\/en\/wp-json\/wp\/v2\/types\/product"}],"replies":[{"embeddable":true,"href":"https:\/\/tech-away.it\/en\/wp-json\/wp\/v2\/comments?post=33172"}],"version-history":[{"count":1,"href":"https:\/\/tech-away.it\/en\/wp-json\/wp\/v2\/product\/33172\/revisions"}],"predecessor-version":[{"id":33178,"href":"https:\/\/tech-away.it\/en\/wp-json\/wp\/v2\/product\/33172\/revisions\/33178"}],"wp:featuredmedia":[{"embeddable":true,"href":"https:\/\/tech-away.it\/en\/wp-json\/wp\/v2\/media\/33173"}],"wp:attachment":[{"href":"https:\/\/tech-away.it\/en\/wp-json\/wp\/v2\/media?parent=33172"}],"wp:term":[{"taxonomy":"product_brand","embeddable":true,"href":"https:\/\/tech-away.it\/en\/wp-json\/wp\/v2\/product_brand?post=33172"},{"taxonomy":"product_cat","embeddable":true,"href":"https:\/\/tech-away.it\/en\/wp-json\/wp\/v2\/product_cat?post=33172"},{"taxonomy":"product_tag","embeddable":true,"href":"https:\/\/tech-away.it\/en\/wp-json\/wp\/v2\/product_tag?post=33172"}],"curies":[{"name":"wp","href":"https:\/\/api.w.org\/{rel}","templated":true}]}}