{"id":33135,"date":"2025-04-02T16:09:00","date_gmt":"2025-04-02T16:09:00","guid":{"rendered":"https:\/\/tech-away.it\/?post_type=product&#038;p=33135"},"modified":"2025-11-12T11:41:56","modified_gmt":"2025-11-12T11:41:56","slug":"dell-desktop-inspiron-3030","status":"publish","type":"product","link":"https:\/\/tech-away.it\/en\/product\/dell-desktop-inspiron-3030\/","title":{"rendered":"DELL INSPIRON DESKTOP 3030"},"content":{"rendered":"<p><b>Dell Inspiron 3030<\/b><\/p>\n<p><b>Possibilit\u00e0 pressoch\u00e9 illimitate. Ingombro ridotto:<\/b><br \/>\nPi\u00f9 grande non sempre significa migliore. Il desktop compatto Inspiron \u00e8 dotato dei pi\u00f9 recenti processori Intel Core e di una memoria DDR5 fino a 16 GB, il tutto in un design compatto e poco ingombrante.<\/p>\n<p><b>Designed for your life style:<\/b><br \/>\nIl desktop compatto Inspiron racchiude funzionalit\u00e0 e prestazioni in uno chassis di piccole dimensioni progettato per adattarsi perfettamente a qualsiasi spazio.<\/p>\n<p><b>Extraordinary performance:<\/b><br \/>\nGestisci facilmente qualsiasi attivit\u00e0 con tutta la potenza degli innovativi processori Intel Core. Inoltre, dal momento che il desktop compatto Inspiron supporta fino a 16 GB di memoria DDR5, \u00e8 possibile aggiungere ulteriore capacit\u00e0 di memoria ai fini dell&#8217;espandibilit\u00e0, per soddisfare le future esigenze di elaborazione. Per semplificare l&#8217;accesso e consentire l&#8217;archiviazione di file, foto e video, il desktop compatto Inspiron offre un&#8217;opzione di upgrade fino a 1 TB di storage SSD.<\/p>\n<p><b>Progettazione orientata alla produttivit\u00e0:<\/b><br \/>\nIl desktop compatto Inspiron \u00e8 ora pronto per l&#8217;uso con Trusted Platform Module integrato e facile da utilizzare per proteggere i dati e un&#8217;ampia variet\u00e0 di porte e slot per collegare tutti i dispositivi personali e aziendali.<\/p>\n<p><b>Connects in a practical way:<\/b><br \/>\nCollega facilmente il tuo sistema ad altri monitor con porte HDMI e DisplayPort che supportano fino a tre monitor FHD o un monitor 4K. Personalizza ulteriormente il sistema con otto porte USB aggiuntive situate nella parte anteriore e posteriore. Quando il tempo \u00e8 un fattore essenziale, la tecnologia Wi-Fi 6 offre un&#8217;esperienza di navigazione pi\u00f9 stabile e pi\u00f9 rapida e velocit\u00e0 di trasferimento pi\u00f9 elevate.<\/p>\n<p><b>Sicurezza e produttivit\u00e0:<\/b><br \/>\nIn tutta sicurezza, fin da subito. Le organizzazioni segnalano una riduzione del 58% degli incidenti di sicurezza con i dispositivi Windows 11 Pro. I dispositivi Windows 11 Pro semplificano la giornata lavorativa e migliorano la produttivit\u00e0. Passa da un luogo all&#8217;altro senza problemi. Porta a termine tutte le tue attivit\u00e0 con il multitasking basato su intelligenza artificiale (AI) e funzionalit\u00e0 per ottimizzare l&#8217;organizzazione, con le prestazioni di cui hai bisogno per velocizzare i carichi di lavoro pi\u00f9 complessi e completarli in media nel 42% di tempo in meno.<\/p>\n<p><b>Improve your choice in a sustainable way:<\/b><br \/>\nIl nostro packaging abbatte gli sprechi e contribuisce a ridurre l&#8217;impatto ambientale. Il desktop compatto Inspiron viene fornito con un packaging realizzato con almeno il 96,9% di materiali riciclati o rinnovabili. Questo desktop \u00e8 certificato Energy Star 8.0 ed \u00e8 registrato EPEAT Silver. Inoltre, ha ottenuto la designazione EPEAT Climate+, ci\u00f2 significa che ha soddisfatto le best practice del settore per la decarbonizzazione.<\/p>","protected":false},"excerpt":{"rendered":"<p>Dell Inspiron 3030 Possibilit\u00e0 pressoch\u00e9 illimitate. Ingombro ridotto: Pi\u00f9 grande non sempre significa migliore. Il desktop compatto Inspiron \u00e8 dotato<\/p>","protected":false},"featured_media":33136,"comment_status":"open","ping_status":"closed","template":"","meta":[],"product_brand":[],"product_cat":[78,77],"product_tag":[178,409,241,215,158,407,402,179,300,197,408,395],"class_list":{"0":"post-33135","1":"product","2":"type-product","3":"status-publish","4":"has-post-thumbnail","6":"product_cat-desktop","7":"product_cat-microsoft","8":"product_tag-12-mesi-garanzia","9":"product_tag-2-5ghz","10":"product_tag-6-mesi-garanzia","11":"product_tag-buono","12":"product_tag-come-nuovo","13":"product_tag-core-i5-12400","14":"product_tag-dell-desktop-inspiron-3030","15":"product_tag-garanzia-24-mesi","16":"product_tag-molto-buono","17":"product_tag-ottimo","18":"product_tag-uhd-graphics","19":"product_tag-windows-11-pro-64-bit","20":"pa_ram-16gb","22":"first","23":"outofstock","24":"shipping-taxable","25":"product-type-variable","26":"has-default-attributes"},"_links":{"self":[{"href":"https:\/\/tech-away.it\/en\/wp-json\/wp\/v2\/product\/33135","targetHints":{"allow":["GET"]}}],"collection":[{"href":"https:\/\/tech-away.it\/en\/wp-json\/wp\/v2\/product"}],"about":[{"href":"https:\/\/tech-away.it\/en\/wp-json\/wp\/v2\/types\/product"}],"replies":[{"embeddable":true,"href":"https:\/\/tech-away.it\/en\/wp-json\/wp\/v2\/comments?post=33135"}],"version-history":[{"count":1,"href":"https:\/\/tech-away.it\/en\/wp-json\/wp\/v2\/product\/33135\/revisions"}],"predecessor-version":[{"id":33140,"href":"https:\/\/tech-away.it\/en\/wp-json\/wp\/v2\/product\/33135\/revisions\/33140"}],"wp:featuredmedia":[{"embeddable":true,"href":"https:\/\/tech-away.it\/en\/wp-json\/wp\/v2\/media\/33136"}],"wp:attachment":[{"href":"https:\/\/tech-away.it\/en\/wp-json\/wp\/v2\/media?parent=33135"}],"wp:term":[{"taxonomy":"product_brand","embeddable":true,"href":"https:\/\/tech-away.it\/en\/wp-json\/wp\/v2\/product_brand?post=33135"},{"taxonomy":"product_cat","embeddable":true,"href":"https:\/\/tech-away.it\/en\/wp-json\/wp\/v2\/product_cat?post=33135"},{"taxonomy":"product_tag","embeddable":true,"href":"https:\/\/tech-away.it\/en\/wp-json\/wp\/v2\/product_tag?post=33135"}],"curies":[{"name":"wp","href":"https:\/\/api.w.org\/{rel}","templated":true}]}}