{"id":33054,"date":"2025-04-01T18:42:46","date_gmt":"2025-04-01T18:42:46","guid":{"rendered":"https:\/\/tech-away.it\/?post_type=product&#038;p=33054"},"modified":"2025-12-05T12:34:22","modified_gmt":"2025-12-05T12:34:22","slug":"samsung-odyssey-g5-g55t","status":"publish","type":"product","link":"https:\/\/tech-away.it\/en\/product\/samsung-odyssey-g5-g55t\/","title":{"rendered":"Samsung Odyssey G5 &#8211; G55T\u00a0"},"content":{"rendered":"<h3 class=\"\" data-start=\"92\" data-end=\"132\"><strong data-start=\"96\" data-end=\"125\">Samsung Odyssey G5 &#8211; G55T<\/strong><\/h3>\n<p class=\"\" data-start=\"133\" data-end=\"180\">Immergiti nel gioco come mai prima d\u2019ora!<\/p>\n<p class=\"\" data-start=\"182\" data-end=\"476\"><strong data-start=\"185\" data-end=\"233\">Curvatura 1000R per un\u2019esperienza avvolgente<\/strong><br data-start=\"233\" data-end=\"236\" \/>Dimentica lo schermo piatto! Grazie alla curvatura 1000R, il display avvolge il tuo campo visivo, regalandoti un&#8217;immersione totale. Ti sembrer\u00e0 di essere al centro dell\u2019azione, pronto a vivere ogni dettaglio con il massimo coinvolgimento.<\/p>\n<p class=\"\" data-start=\"478\" data-end=\"730\"><strong data-start=\"481\" data-end=\"524\">Resolution WQHD: the extraordinary details<\/strong><br data-start=\"524\" data-end=\"527\" \/>Pi\u00f9 pixel, pi\u00f9 realismo! La risoluzione WQHD offre immagini ultra-nitide con una definizione 1,7 volte superiore al Full HD. Ogni scena sar\u00e0 pi\u00f9 ampia, pi\u00f9 chiara e incredibilmente dettagliata.<\/p>\n<p class=\"\" data-start=\"732\" data-end=\"963\"><strong data-start=\"734\" data-end=\"760\">165Hz di pura velocit\u00e0<\/strong><br data-start=\"760\" data-end=\"763\" \/>Farewell shots and blurry images! With a refresh rate of 165 Hz, the gameplay is incredibly fluid, allowing you to react in real time without losing a frame.<\/p>\n<p class=\"\" data-start=\"965\" data-end=\"1222\"><strong data-start=\"968\" data-end=\"1015\">1ms di risposta: velocit\u00e0 senza compromessi<\/strong><br data-start=\"1015\" data-end=\"1018\" \/>Victory to play in milliseconds! With a <strong data-start=\"1063\" data-end=\"1098\">response time of 1ms (system mprt)<\/strong>, ogni azione viene registrata all\u2019istante, per un gameplay preciso e reattivo. Perfetto per chi non lascia nulla al caso.<\/p>\n<p class=\"\" data-start=\"1224\" data-end=\"1489\"><strong data-start=\"1227\" data-end=\"1284\">AMD FreeSync Premium: no interruptions, only action!<\/strong><br data-start=\"1284\" data-end=\"1287\" \/>Niente pi\u00f9 tearing o stuttering! Grazie alla tecnologia <strong data-start=\"1343\" data-end=\"1367\">AMD FreeSync Premium<\/strong>the monitor , the monitor synchronizes perfectly refresh rate and GPU to ensure images are always fluid, without any delays or shots.<\/p>\n<p class=\"\" data-start=\"1491\" data-end=\"1764\"><strong data-start=\"1494\" data-end=\"1538\">HDR10: colors that are unbelievably realistic<\/strong><br data-start=\"1538\" data-end=\"1541\" \/>Each scene comes to life! With the support <strong data-start=\"1581\" data-end=\"1590\">HDR10<\/strong>, i colori diventano pi\u00f9 brillanti, i dettagli pi\u00f9 profondi e i contrasti perfetti. Dalle ombre pi\u00f9 scure ai bianchi pi\u00f9 luminosi, il realismo \u00e8 semplicemente spettacolare.<\/p>\n<p class=\"\" data-start=\"1766\" data-end=\"1851\"><strong data-start=\"1768\" data-end=\"1847\">Be prepared to revolutionize your way of playing with the Samsung Odyssey G5!<\/strong><\/p>","protected":false},"excerpt":{"rendered":"<p>Samsung Odyssey G5 &#8211; G55T Immergiti nel gioco come mai prima d\u2019ora! Curvatura 1000R per un\u2019esperienza avvolgenteDimentica lo schermo piatto!<\/p>","protected":false},"featured_media":33068,"comment_status":"open","ping_status":"closed","template":"","meta":[],"product_brand":[],"product_cat":[93,96],"product_tag":[178,241,215,158,179,300,159,197,382],"class_list":{"0":"post-33054","1":"product","2":"type-product","3":"status-publish","4":"has-post-thumbnail","6":"product_cat-gaming","7":"product_cat-pc-assemblati","8":"product_tag-12-mesi-garanzia","9":"product_tag-6-mesi-garanzia","10":"product_tag-buono","11":"product_tag-come-nuovo","12":"product_tag-garanzia-24-mesi","13":"product_tag-molto-buono","14":"product_tag-nero","15":"product_tag-ottimo","16":"product_tag-samsung-odyssey-g5-g55t","18":"first","19":"outofstock","20":"shipping-taxable","21":"product-type-variable","22":"has-default-attributes"},"_links":{"self":[{"href":"https:\/\/tech-away.it\/en\/wp-json\/wp\/v2\/product\/33054","targetHints":{"allow":["GET"]}}],"collection":[{"href":"https:\/\/tech-away.it\/en\/wp-json\/wp\/v2\/product"}],"about":[{"href":"https:\/\/tech-away.it\/en\/wp-json\/wp\/v2\/types\/product"}],"replies":[{"embeddable":true,"href":"https:\/\/tech-away.it\/en\/wp-json\/wp\/v2\/comments?post=33054"}],"version-history":[{"count":1,"href":"https:\/\/tech-away.it\/en\/wp-json\/wp\/v2\/product\/33054\/revisions"}],"predecessor-version":[{"id":33055,"href":"https:\/\/tech-away.it\/en\/wp-json\/wp\/v2\/product\/33054\/revisions\/33055"}],"wp:featuredmedia":[{"embeddable":true,"href":"https:\/\/tech-away.it\/en\/wp-json\/wp\/v2\/media\/33068"}],"wp:attachment":[{"href":"https:\/\/tech-away.it\/en\/wp-json\/wp\/v2\/media?parent=33054"}],"wp:term":[{"taxonomy":"product_brand","embeddable":true,"href":"https:\/\/tech-away.it\/en\/wp-json\/wp\/v2\/product_brand?post=33054"},{"taxonomy":"product_cat","embeddable":true,"href":"https:\/\/tech-away.it\/en\/wp-json\/wp\/v2\/product_cat?post=33054"},{"taxonomy":"product_tag","embeddable":true,"href":"https:\/\/tech-away.it\/en\/wp-json\/wp\/v2\/product_tag?post=33054"}],"curies":[{"name":"wp","href":"https:\/\/api.w.org\/{rel}","templated":true}]}}