{"id":32761,"date":"2025-03-27T16:03:00","date_gmt":"2025-03-27T16:03:00","guid":{"rendered":"https:\/\/tech-away.it\/?post_type=product&#038;p=32761"},"modified":"2025-12-05T12:34:22","modified_gmt":"2025-12-05T12:34:22","slug":"nacon-sedia-gaming","status":"publish","type":"product","link":"https:\/\/tech-away.it\/en\/product\/nacon-sedia-gaming\/","title":{"rendered":"Nacon Chair Gaming"},"content":{"rendered":"<p><b>Nacon Chair Gaming PCCH-350<\/b><\/p>\n<p>Sedia Gaming Stabile e affidabile grazie alla base con 5 ruote e al design ergonomico \u00e8 studiata per garantire lunghe sessioni di gioco senza affaticare il giocatore.<\/p>\n<p>Oltre al design anche la qualit\u00e0 e praticit\u00e0 sono state studiate per un uso intensivo del prodotto, La copertura similpelle \u00e8 facile da pulire e la seduta imbottita da spugna di alta densit\u00e0 con buona elasticit\u00e0 garantisce un buon confort.<\/p>\n<p>L\u2019altezza regolabile e il comodo schienale la rendono versatile e aiuta a mantenere una buona postura , essenziale per chi rimane seduto per diverse ore.<\/p>","protected":false},"excerpt":{"rendered":"<p>Nacon Sedia Gaming PCCH-350 Sedia Gaming Stabile e affidabile grazie alla base con 5 ruote e al design ergonomico \u00e8<\/p>","protected":false},"featured_media":32765,"comment_status":"open","ping_status":"closed","template":"","meta":[],"product_brand":[],"product_cat":[93,95],"product_tag":[178,241,179,372,131,373],"class_list":{"0":"post-32761","1":"product","2":"type-product","3":"status-publish","4":"has-post-thumbnail","6":"product_cat-gaming","7":"product_cat-sedie-da-gaming","8":"product_tag-12-mesi-garanzia","9":"product_tag-6-mesi-garanzia","10":"product_tag-garanzia-24-mesi","11":"product_tag-nacon-sedia-gaming","12":"product_tag-nuovo","13":"product_tag-turchese","15":"first","16":"outofstock","17":"shipping-taxable","18":"product-type-variable","19":"has-default-attributes"},"_links":{"self":[{"href":"https:\/\/tech-away.it\/en\/wp-json\/wp\/v2\/product\/32761","targetHints":{"allow":["GET"]}}],"collection":[{"href":"https:\/\/tech-away.it\/en\/wp-json\/wp\/v2\/product"}],"about":[{"href":"https:\/\/tech-away.it\/en\/wp-json\/wp\/v2\/types\/product"}],"replies":[{"embeddable":true,"href":"https:\/\/tech-away.it\/en\/wp-json\/wp\/v2\/comments?post=32761"}],"version-history":[{"count":1,"href":"https:\/\/tech-away.it\/en\/wp-json\/wp\/v2\/product\/32761\/revisions"}],"predecessor-version":[{"id":32769,"href":"https:\/\/tech-away.it\/en\/wp-json\/wp\/v2\/product\/32761\/revisions\/32769"}],"wp:featuredmedia":[{"embeddable":true,"href":"https:\/\/tech-away.it\/en\/wp-json\/wp\/v2\/media\/32765"}],"wp:attachment":[{"href":"https:\/\/tech-away.it\/en\/wp-json\/wp\/v2\/media?parent=32761"}],"wp:term":[{"taxonomy":"product_brand","embeddable":true,"href":"https:\/\/tech-away.it\/en\/wp-json\/wp\/v2\/product_brand?post=32761"},{"taxonomy":"product_cat","embeddable":true,"href":"https:\/\/tech-away.it\/en\/wp-json\/wp\/v2\/product_cat?post=32761"},{"taxonomy":"product_tag","embeddable":true,"href":"https:\/\/tech-away.it\/en\/wp-json\/wp\/v2\/product_tag?post=32761"}],"curies":[{"name":"wp","href":"https:\/\/api.w.org\/{rel}","templated":true}]}}