{"id":32740,"date":"2025-03-27T14:30:53","date_gmt":"2025-03-27T14:30:53","guid":{"rendered":"https:\/\/tech-away.it\/?post_type=product&#038;p=32740"},"modified":"2025-12-05T12:34:22","modified_gmt":"2025-12-05T12:34:22","slug":"lenovo-ideapad-gaming-3-15-ryzen7","status":"publish","type":"product","link":"https:\/\/tech-away.it\/en\/product\/lenovo-ideapad-gaming-3-15-ryzen7\/","title":{"rendered":"LENOVO &#8211; Ideapad Gaming 3 15&#8243; Ryzen7"},"content":{"rendered":"<p>Gioca tutto il giorno e la notte con i processori per dispositivi mobili AMD Ryzen\u2122 serie 6000 di ultima generazione. Sperimenta giochi di prim&#8217;ordine con le GPU NVIDIA<sup>\u00ae<\/sup> GeForce RTX\u2122. Mantieni sempre la calma, la tranquillit\u00e0 e la concentrazione grazie al sistema di raffreddamento Quad Vent. Schermo Full HD da 39,62 cm (15,6&#8243;) con frequenze di aggiornamento elevate e incredibile precisione cromatica. Elevate prestazioni di memoria DDR5 e grande spazio di storage per un sistema a prova di futuro<\/p>\n<div class=\"flix-copy flix-d-p\">\n<div class=\"flix-copy-lead flix-d-h3\" role=\"heading\">\n<p><strong>La velocit\u00e0 incontra la resistenza :<\/strong><\/p>\n<p>La velocit\u00e0 incontra la resistenza quando usi un notebook da gaming basato su processori AMD Ryzen\u2122. Ottieni le prestazioni senza interruzioni cui hai bisogno per vincere, senza compromettere la durata della batteria<\/p>\n<div class=\"flix-copy-lead flix-d-h3\" role=\"heading\">\n<p><strong>The game in the pure state:<\/strong><\/p>\n<\/div>\n<p>Le GPU GeForce RTX\u2122 serie 30 offrono prestazioni al top a gamer e creatori di contenuti. Basate su Ampere, l&#8217;architettura RTX\u2122 di seconda generazione di NVIDIA, sono dotate di nuovi RT Core e Tensor Core, insieme a multiprocessori di streaming per la grafica con ray tracing pi\u00f9 realistica e funzionalit\u00e0 di intelligenza artificiale all&#8217;avanguardia.<\/p>\n<div class=\"flix-copy-lead flix-d-h3\" role=\"heading\">\n<p><strong>Cooling Quad Vent:<\/strong><\/p>\n<\/div>\n<p>Rapido e silenzioso, il sistema di raffreddamento Quad Vent del notebook IdeaPad Gaming 3 di settima generazione consente di ottenere una migliore ventilazione del dispositivo cos\u00ec potrai mantenere sempre le pi\u00f9 elevate prestazioni di gioco. Grazie a caratteristiche come la presa d&#8217;aria della tastiera, una velocit\u00e0 di ventilazione superiore del 20% e un flusso d&#8217;aria della ventola maggiore del 10% rispetto alla generazione precedente, potrai divertirti con i giochi pi\u00f9 interessanti su uno dei dispositivi Lenovo pi\u00f9 potenti<\/p>\n<\/div>\n<\/div>","protected":false},"excerpt":{"rendered":"<p>Gioca tutto il giorno e la notte con i processori per dispositivi mobili AMD Ryzen\u2122 serie 6000 di ultima generazione.<\/p>","protected":false},"featured_media":32747,"comment_status":"open","ping_status":"closed","template":"","meta":[],"product_brand":[],"product_cat":[93,327],"product_tag":[178,154,152,241,370,215,295,179,369,300,159,197],"class_list":{"0":"post-32740","1":"product","2":"type-product","3":"status-publish","4":"has-post-thumbnail","6":"product_cat-gaming","7":"product_cat-notebook-da-gaming","8":"product_tag-12-mesi-garanzia","9":"product_tag-16gb","10":"product_tag-512gb","11":"product_tag-6-mesi-garanzia","12":"product_tag-amd-ryzen-7","13":"product_tag-buono","14":"product_tag-gaming","15":"product_tag-garanzia-24-mesi","16":"product_tag-lenovo-ideapad-gaming-3-15-ryzen7","17":"product_tag-molto-buono","18":"product_tag-nero","19":"product_tag-ottimo","20":"pa_ram-16gb","22":"first","23":"outofstock","24":"shipping-taxable","25":"product-type-variable","26":"has-default-attributes"},"_links":{"self":[{"href":"https:\/\/tech-away.it\/en\/wp-json\/wp\/v2\/product\/32740","targetHints":{"allow":["GET"]}}],"collection":[{"href":"https:\/\/tech-away.it\/en\/wp-json\/wp\/v2\/product"}],"about":[{"href":"https:\/\/tech-away.it\/en\/wp-json\/wp\/v2\/types\/product"}],"replies":[{"embeddable":true,"href":"https:\/\/tech-away.it\/en\/wp-json\/wp\/v2\/comments?post=32740"}],"version-history":[{"count":1,"href":"https:\/\/tech-away.it\/en\/wp-json\/wp\/v2\/product\/32740\/revisions"}],"predecessor-version":[{"id":32748,"href":"https:\/\/tech-away.it\/en\/wp-json\/wp\/v2\/product\/32740\/revisions\/32748"}],"wp:featuredmedia":[{"embeddable":true,"href":"https:\/\/tech-away.it\/en\/wp-json\/wp\/v2\/media\/32747"}],"wp:attachment":[{"href":"https:\/\/tech-away.it\/en\/wp-json\/wp\/v2\/media?parent=32740"}],"wp:term":[{"taxonomy":"product_brand","embeddable":true,"href":"https:\/\/tech-away.it\/en\/wp-json\/wp\/v2\/product_brand?post=32740"},{"taxonomy":"product_cat","embeddable":true,"href":"https:\/\/tech-away.it\/en\/wp-json\/wp\/v2\/product_cat?post=32740"},{"taxonomy":"product_tag","embeddable":true,"href":"https:\/\/tech-away.it\/en\/wp-json\/wp\/v2\/product_tag?post=32740"}],"curies":[{"name":"wp","href":"https:\/\/api.w.org\/{rel}","templated":true}]}}