{"id":32643,"date":"2025-03-26T22:09:22","date_gmt":"2025-03-26T22:09:22","guid":{"rendered":"https:\/\/tech-away.it\/?post_type=product&#038;p=32643"},"modified":"2025-12-05T12:34:22","modified_gmt":"2025-12-05T12:34:22","slug":"lenovo-gaming5-ryzen","status":"publish","type":"product","link":"https:\/\/tech-away.it\/en\/product\/lenovo-gaming5-ryzen\/","title":{"rendered":"Lenovo Gaming5 Ryzen 7"},"content":{"rendered":"<p>Entra nell&#8217;elettrizzante mondo dei giochi e degli eSport con IdeaCentre Gaming 5 Gen 6 (AMD). Questo formidabile desktop tower \u00e8 progettato per rendere pi\u00f9 veloce tutto ci\u00f2 di cui ti occupi, dalla produttivit\u00e0 e dalla creativit\u00e0 al gioco competitivo. Questa perfetta sintesi di potenza e stile \u00e8 dotata di processori fino ad AMD Ryzen\u2122 7 5700G e scheda grafica fino a NVIDIA<sup>\u00ae <\/sup>GeForce RTX\u2122 3060, per una gestione termica avanzata.<\/p>\n<div class=\"gallery-content\">\n<div class=\"headline\">\n<p>Il modo pi\u00f9 veloce per giocare<\/p>\n<\/div>\n<div class=\"description\">\n<p>All&#8217;avanguardia e ad alte prestazioni per il gioco e la creazione di contenuti, i processori AMD Ryzen\u2122 serie 5000 hanno alzato il livello di aspettativa degli utenti per l&#8217;esperienza su PC.<\/p>\n<\/div>\n<\/div>\n<div class=\"gallery-content\">\n<div class=\"headline\">\n<p>The game par excellence<\/p>\n<\/div>\n<div class=\"description\">\n<p>The NVIDIA GPU<sup>\u00ae <\/sup>GeForce RTX\u2122 offrono prestazioni al top a gamer e creatori di contenuti. Basate su Ampere, l&#8217;architettura RTX di seconda generazione di NVIDIA, vantano nuovi RT Core e Tensore Core, insieme a multiprocessori di streaming per la grafica con ray tracing estremamente realistica e funzionalit\u00e0 di intelligenza artificiale all&#8217;avanguardia.<\/p>\n<div class=\"headline\">\n<p>With system of cooling and superalimentatore<\/p>\n<\/div>\n<div class=\"description\">\n<p>Il sistema di raffreddamento termico avanzato dell&#8217;IdeaCentre Gaming 5 di sesta generazione (AMD) supporta una potente scheda grafica da 170 watt, mentre un sistema di ventole anteriori aggiuntivo migliora le prestazioni e l&#8217;acustica durante la battaglia. Usa le funzionalit\u00e0 di overclock e ottimizza ulteriormente le tue prestazioni con la tecnologia Intelligent Cooling Engine 4.0, che permette di creare pi\u00f9 profili termici.<\/p>\n<\/div>\n<\/div>\n<\/div>","protected":false},"excerpt":{"rendered":"<p>Entra nell&#8217;elettrizzante mondo dei giochi e degli eSport con IdeaCentre Gaming 5 Gen 6 (AMD). Questo formidabile desktop tower \u00e8<\/p>","protected":false},"featured_media":32644,"comment_status":"open","ping_status":"closed","template":"","meta":[],"product_brand":[],"product_cat":[93,96],"product_tag":[178,241,215,158,295,179,264,344,300,197],"class_list":{"0":"post-32643","1":"product","2":"type-product","3":"status-publish","4":"has-post-thumbnail","6":"product_cat-gaming","7":"product_cat-pc-assemblati","8":"product_tag-12-mesi-garanzia","9":"product_tag-6-mesi-garanzia","10":"product_tag-buono","11":"product_tag-come-nuovo","12":"product_tag-gaming","13":"product_tag-garanzia-24-mesi","14":"product_tag-lenovo","15":"product_tag-lenovo-gaming5-ryzen","16":"product_tag-molto-buono","17":"product_tag-ottimo","18":"pa_ram-16gb","20":"first","21":"outofstock","22":"shipping-taxable","23":"product-type-variable","24":"has-default-attributes"},"_links":{"self":[{"href":"https:\/\/tech-away.it\/en\/wp-json\/wp\/v2\/product\/32643","targetHints":{"allow":["GET"]}}],"collection":[{"href":"https:\/\/tech-away.it\/en\/wp-json\/wp\/v2\/product"}],"about":[{"href":"https:\/\/tech-away.it\/en\/wp-json\/wp\/v2\/types\/product"}],"replies":[{"embeddable":true,"href":"https:\/\/tech-away.it\/en\/wp-json\/wp\/v2\/comments?post=32643"}],"version-history":[{"count":2,"href":"https:\/\/tech-away.it\/en\/wp-json\/wp\/v2\/product\/32643\/revisions"}],"predecessor-version":[{"id":32681,"href":"https:\/\/tech-away.it\/en\/wp-json\/wp\/v2\/product\/32643\/revisions\/32681"}],"wp:featuredmedia":[{"embeddable":true,"href":"https:\/\/tech-away.it\/en\/wp-json\/wp\/v2\/media\/32644"}],"wp:attachment":[{"href":"https:\/\/tech-away.it\/en\/wp-json\/wp\/v2\/media?parent=32643"}],"wp:term":[{"taxonomy":"product_brand","embeddable":true,"href":"https:\/\/tech-away.it\/en\/wp-json\/wp\/v2\/product_brand?post=32643"},{"taxonomy":"product_cat","embeddable":true,"href":"https:\/\/tech-away.it\/en\/wp-json\/wp\/v2\/product_cat?post=32643"},{"taxonomy":"product_tag","embeddable":true,"href":"https:\/\/tech-away.it\/en\/wp-json\/wp\/v2\/product_tag?post=32643"}],"curies":[{"name":"wp","href":"https:\/\/api.w.org\/{rel}","templated":true}]}}