{"id":32414,"date":"2025-03-25T17:10:51","date_gmt":"2025-03-25T17:10:51","guid":{"rendered":"https:\/\/tech-away.it\/?post_type=product&#038;p=32414"},"modified":"2025-12-05T12:34:22","modified_gmt":"2025-12-05T12:34:22","slug":"ipad-pro-11-2022-4a-generazione","status":"publish","type":"product","link":"https:\/\/tech-away.it\/en\/product\/ipad-pro-11-2022-4a-generazione\/","title":{"rendered":"iPad Pro 11 (2022) 4th generation"},"content":{"rendered":"<p>iPad Pro 11 (2022) 4th generation:<\/p>\n<p>L&#8217;iPad Pro 11&#8221; di quarta generazione \u00e8 il tablet definitivo per creativit\u00e0 e produttivit\u00e0. Con il nuovo chip M2, garantisce prestazioni senza rivali, un display Liquid Retina mozzafiato e un design ultraleggero. Adatto a professionisti e appassionati di tecnologia, offre versatilit\u00e0 e potenza in un unico dispositivo.<\/p>\n<p>Technical Characteristics:<\/p>\n<p>Display: Liquid Retina da 11&#8243; con ProMotion, True Tone e ampia gamma cromatica P3.<\/p>\n<p>Chip: Apple-M2 CPU 8-core, GPU 10-core processor and Neural Engine 16-core.<\/p>\n<p>Cameras: advanced System with Ultra-wide-angle, 12MP camera, scanner, LiDAR and wide-angle, 12MP.<\/p>\n<p>Connettivit\u00e0: Wi-Fi 6E, 5G (su modelli Cellular), porta Thunderbolt\/USB-C.<\/p>\n<p>Compatibilit\u00e0: Supporto per Apple Pencil 2\u00aa generazione e Magic Keyboard.<\/p>\n<p>Memories available: 128GB, 256GB, 512GB, 1TB and 2TB.<\/p>\n<p>Battery: Up to 10 hours of use.<\/p>","protected":false},"excerpt":{"rendered":"<p>iPad Pro 11 (2022) 4a generazione: L&#8217;iPad Pro 11&#8221; di quarta generazione \u00e8 il tablet definitivo per creativit\u00e0 e produttivit\u00e0.<\/p>","protected":false},"featured_media":32419,"comment_status":"open","ping_status":"closed","template":"","meta":[],"product_brand":[],"product_cat":[71,75],"product_tag":[178,128,153,151,152,241,166,215,260,158,179,199,342,300,197],"class_list":{"0":"post-32414","1":"product","2":"type-product","3":"status-publish","4":"has-post-thumbnail","6":"product_cat-apple","7":"product_cat-ipad","8":"product_tag-12-mesi-garanzia","9":"product_tag-128gb","10":"product_tag-1tb","11":"product_tag-256gb","12":"product_tag-512gb","13":"product_tag-6-mesi-garanzia","14":"product_tag-argento","15":"product_tag-buono","16":"product_tag-chip-m2","17":"product_tag-come-nuovo","18":"product_tag-garanzia-24-mesi","19":"product_tag-grigio-siderale","20":"product_tag-ipad-pro-11-2022-4a-generazione","21":"product_tag-molto-buono","22":"product_tag-ottimo","24":"first","25":"outofstock","26":"shipping-taxable","27":"product-type-variable","28":"has-default-attributes"},"_links":{"self":[{"href":"https:\/\/tech-away.it\/en\/wp-json\/wp\/v2\/product\/32414","targetHints":{"allow":["GET"]}}],"collection":[{"href":"https:\/\/tech-away.it\/en\/wp-json\/wp\/v2\/product"}],"about":[{"href":"https:\/\/tech-away.it\/en\/wp-json\/wp\/v2\/types\/product"}],"replies":[{"embeddable":true,"href":"https:\/\/tech-away.it\/en\/wp-json\/wp\/v2\/comments?post=32414"}],"version-history":[{"count":1,"href":"https:\/\/tech-away.it\/en\/wp-json\/wp\/v2\/product\/32414\/revisions"}],"predecessor-version":[{"id":32521,"href":"https:\/\/tech-away.it\/en\/wp-json\/wp\/v2\/product\/32414\/revisions\/32521"}],"wp:featuredmedia":[{"embeddable":true,"href":"https:\/\/tech-away.it\/en\/wp-json\/wp\/v2\/media\/32419"}],"wp:attachment":[{"href":"https:\/\/tech-away.it\/en\/wp-json\/wp\/v2\/media?parent=32414"}],"wp:term":[{"taxonomy":"product_brand","embeddable":true,"href":"https:\/\/tech-away.it\/en\/wp-json\/wp\/v2\/product_brand?post=32414"},{"taxonomy":"product_cat","embeddable":true,"href":"https:\/\/tech-away.it\/en\/wp-json\/wp\/v2\/product_cat?post=32414"},{"taxonomy":"product_tag","embeddable":true,"href":"https:\/\/tech-away.it\/en\/wp-json\/wp\/v2\/product_tag?post=32414"}],"curies":[{"name":"wp","href":"https:\/\/api.w.org\/{rel}","templated":true}]}}