{"id":31921,"date":"2025-03-22T19:15:12","date_gmt":"2025-03-22T19:15:12","guid":{"rendered":"https:\/\/tech-away.it\/?post_type=product&#038;p=31921"},"modified":"2025-12-05T12:35:27","modified_gmt":"2025-12-05T12:35:27","slug":"cover-ipad-pro-11-2018-2020-2021-ipad-air-4-2020-ipad-air-5-2022","status":"publish","type":"product","link":"https:\/\/tech-away.it\/en\/product\/cover-ipad-pro-11-2018-2020-2021-ipad-air-4-2020-ipad-air-5-2022\/","title":{"rendered":"Cover iPad Pro 11&#8243; (2018\/2020\/2021) \/ iPad Air 4 (2020) \/ iPad Air 5 (2022)"},"content":{"rendered":"<p>Vuoi proteggere efficacemente il tuo iPad? Questa custodia in TPU trasparente con angoli rinforzati sar\u00e0 perfetta per te! Di alta qualit\u00e0, questa custodia in TPU per iPad si adatter\u00e0 perfettamente alle curve del tuo iPad. E poich\u00e9 gli angoli sono spesso i pi\u00f9 soggetti agli urti, sono presenti rinforzi alle quattro estremit\u00e0.<\/p>","protected":false},"excerpt":{"rendered":"<p>Vuoi proteggere efficacemente il tuo iPad? Questa custodia in TPU trasparente con angoli rinforzati sar\u00e0 perfetta per te! Di alta<\/p>","protected":false},"featured_media":31917,"comment_status":"open","ping_status":"closed","template":"","meta":[],"product_brand":[],"product_cat":[86,91],"product_tag":[178,241,158,318,179,131,317],"class_list":{"0":"post-31921","1":"product","2":"type-product","3":"status-publish","4":"has-post-thumbnail","6":"product_cat-accessori","7":"product_cat-cover","8":"product_tag-12-mesi-garanzia","9":"product_tag-6-mesi-garanzia","10":"product_tag-come-nuovo","11":"product_tag-cover-ipad","12":"product_tag-garanzia-24-mesi","13":"product_tag-nuovo","14":"product_tag-trasparente","16":"first","17":"outofstock","18":"shipping-taxable","19":"product-type-variable","20":"has-default-attributes"},"_links":{"self":[{"href":"https:\/\/tech-away.it\/en\/wp-json\/wp\/v2\/product\/31921","targetHints":{"allow":["GET"]}}],"collection":[{"href":"https:\/\/tech-away.it\/en\/wp-json\/wp\/v2\/product"}],"about":[{"href":"https:\/\/tech-away.it\/en\/wp-json\/wp\/v2\/types\/product"}],"replies":[{"embeddable":true,"href":"https:\/\/tech-away.it\/en\/wp-json\/wp\/v2\/comments?post=31921"}],"version-history":[{"count":1,"href":"https:\/\/tech-away.it\/en\/wp-json\/wp\/v2\/product\/31921\/revisions"}],"predecessor-version":[{"id":31928,"href":"https:\/\/tech-away.it\/en\/wp-json\/wp\/v2\/product\/31921\/revisions\/31928"}],"wp:featuredmedia":[{"embeddable":true,"href":"https:\/\/tech-away.it\/en\/wp-json\/wp\/v2\/media\/31917"}],"wp:attachment":[{"href":"https:\/\/tech-away.it\/en\/wp-json\/wp\/v2\/media?parent=31921"}],"wp:term":[{"taxonomy":"product_brand","embeddable":true,"href":"https:\/\/tech-away.it\/en\/wp-json\/wp\/v2\/product_brand?post=31921"},{"taxonomy":"product_cat","embeddable":true,"href":"https:\/\/tech-away.it\/en\/wp-json\/wp\/v2\/product_cat?post=31921"},{"taxonomy":"product_tag","embeddable":true,"href":"https:\/\/tech-away.it\/en\/wp-json\/wp\/v2\/product_tag?post=31921"}],"curies":[{"name":"wp","href":"https:\/\/api.w.org\/{rel}","templated":true}]}}