{"id":31535,"date":"2025-03-18T17:29:26","date_gmt":"2025-03-18T17:29:26","guid":{"rendered":"https:\/\/tech-away.it\/?post_type=product&#038;p=31535"},"modified":"2025-12-05T12:35:27","modified_gmt":"2025-12-05T12:35:27","slug":"apple-airpods-4","status":"publish","type":"product","link":"https:\/\/tech-away.it\/en\/product\/apple-airpods-4\/","title":{"rendered":"Apple AirPods 4"},"content":{"rendered":"<p>Apple AirPods 4<\/p>\n<p>Renovated in design for greater comfort:<br \/>\nCon il loro nuovo design, gli AirPods 4 sono ancora pi\u00f9 comodi da indossare per tutto il giorno e restano ben fermi quando ti muovi. Hanno un profilo ottimizzato, lo stelo \u00e8 pi\u00f9 corto e permettono di controllare musica e chiamate con un rapido tocco.<\/p>\n<p>Spatial Audio custom:<br \/>\nQuando ascolti musica, guardi film o serie TV, ti diverti con i videogiochi e non solo, l\u2019audio spaziale personalizzato con rilevamento dinamico della posizione della testa crea un suono avvolgente, come al cinema.<\/p>\n<p>Qualit\u00e0 migliorata per audio e chiamate:<br \/>\nGli AirPods 4 hanno il chip H2 progettato da Apple. La modalit\u00e0 \u201cIsolamento vocale\u201d migliora la qualit\u00e0 delle tue telefonate quando ti trovi in aree particolarmente rumorose. Sfruttando l\u2019audio computazionale evoluto, riduce il rumore di fondo mentre isola il suono della tua voce e lo rende pi\u00f9 nitido per la persona con cui stai parlando.<\/p>\n<p>Un\u2019esperienza magica:<br \/>\nDi\u2019 \u201cEhi Siri\u201d o anche solo \u201cSiri\u201d per ascoltare un brano, fare una chiamata o controllare i tuoi impegni: grazie alle interazioni con Siri, per rispondere s\u00ec o no quando ti chiede qualcosa, ora puoi semplicemente annuire o scuotere delicatamente la testa. Per abbinare gli AirPods 4, ti basta avvicinarli al tuo dispositivo e toccare Connetti sul display. Usando \u201cCondivisione audio\u201d, \u00e8 facile godersi in coppia un brano o un film, ognuno con il proprio paio di AirPods. In pi\u00f9, gli auricolari hanno un sensore che rileva il contatto con la pelle, quindi fanno partire automaticamente l\u2019audio quando li indossi, e lo mettono in pausa non appena li togli. E se perdi di vista gli AirPods o la custodia di ricarica, puoi rintracciarli con l\u2019app Dov\u2019\u00e8.<\/p>\n<p>A lot of autonomy:<br \/>\nWith a single charge you up to 5 hours listening time, and up to 30 hours of listening with active noise cancellation using the case.<\/p>\n<p>Housing redesigned from the ground up:<br \/>\nLa custodia \u00e8 compatibile con la ricarica USB C ed \u00e8 oltre il 10% pi\u00f9 compatta rispetto alla generazione precedente.<\/p>\n<p>Resistenza al sudore, alla polvere e all\u2019acqua:<br \/>\nGli AirPods 4 e la custodia di ricarica hanno una resistenza alla polvere, al sudore e all\u2019acqua di grado IPX4, quindi puoi usarli anche sotto la pioggia e durante gli allenamenti pi\u00f9 intensi.<\/p>","protected":false},"excerpt":{"rendered":"<p>Apple AirPods 4 Rinnovati nel design per un comfort maggiore: Con il loro nuovo design, gli AirPods 4 sono ancora<\/p>","protected":false},"featured_media":31536,"comment_status":"open","ping_status":"closed","template":"","meta":[],"product_brand":[],"product_cat":[261,71,120],"product_tag":[178,241,290,129,194,158,179,131,197],"class_list":{"0":"post-31535","1":"product","2":"type-product","3":"status-publish","4":"has-post-thumbnail","6":"product_cat-airpods","7":"product_cat-apple","8":"product_cat-audio","9":"product_tag-12-mesi-garanzia","10":"product_tag-6-mesi-garanzia","11":"product_tag-airpods-pro-4","12":"product_tag-apple","13":"product_tag-bianco","14":"product_tag-come-nuovo","15":"product_tag-garanzia-24-mesi","16":"product_tag-nuovo","17":"product_tag-ottimo","19":"first","20":"outofstock","21":"shipping-taxable","22":"product-type-variable","23":"has-default-attributes"},"_links":{"self":[{"href":"https:\/\/tech-away.it\/en\/wp-json\/wp\/v2\/product\/31535","targetHints":{"allow":["GET"]}}],"collection":[{"href":"https:\/\/tech-away.it\/en\/wp-json\/wp\/v2\/product"}],"about":[{"href":"https:\/\/tech-away.it\/en\/wp-json\/wp\/v2\/types\/product"}],"replies":[{"embeddable":true,"href":"https:\/\/tech-away.it\/en\/wp-json\/wp\/v2\/comments?post=31535"}],"version-history":[{"count":1,"href":"https:\/\/tech-away.it\/en\/wp-json\/wp\/v2\/product\/31535\/revisions"}],"predecessor-version":[{"id":31552,"href":"https:\/\/tech-away.it\/en\/wp-json\/wp\/v2\/product\/31535\/revisions\/31552"}],"wp:featuredmedia":[{"embeddable":true,"href":"https:\/\/tech-away.it\/en\/wp-json\/wp\/v2\/media\/31536"}],"wp:attachment":[{"href":"https:\/\/tech-away.it\/en\/wp-json\/wp\/v2\/media?parent=31535"}],"wp:term":[{"taxonomy":"product_brand","embeddable":true,"href":"https:\/\/tech-away.it\/en\/wp-json\/wp\/v2\/product_brand?post=31535"},{"taxonomy":"product_cat","embeddable":true,"href":"https:\/\/tech-away.it\/en\/wp-json\/wp\/v2\/product_cat?post=31535"},{"taxonomy":"product_tag","embeddable":true,"href":"https:\/\/tech-away.it\/en\/wp-json\/wp\/v2\/product_tag?post=31535"}],"curies":[{"name":"wp","href":"https:\/\/api.w.org\/{rel}","templated":true}]}}