{"id":31355,"date":"2025-03-18T10:15:36","date_gmt":"2025-03-18T10:15:36","guid":{"rendered":"https:\/\/tech-away.it\/?post_type=product&#038;p=31355"},"modified":"2025-12-05T12:35:28","modified_gmt":"2025-12-05T12:35:28","slug":"galaxy-tab-a9-64gb","status":"publish","type":"product","link":"https:\/\/tech-away.it\/en\/product\/galaxy-tab-a9-64gb\/","title":{"rendered":"Galaxy Tab A9"},"content":{"rendered":"<p>Samsung Galaxy Tab A9 \u00e8 un tablet Android di fascia media, con una scheda tecnica ideale per chi non ha troppe pretese ma che non vuole rinunciare ad un bel display touchscreen. Le funzioni offerte da questo Samsung Galaxy Tab A9 sono pi\u00f9 o meno quelle presenti su tutti i dispositivi pi\u00f9 avanzati, a cominciare dalla connettivit\u00e0 Wi-fi e dal GPS. Al top di gamma il trasferimento dati e la navigazione in internet grazie al modulo LTE 4G.<br \/>\nSorprende il display Touchscreen da 8.7 pollici che pone questo Samsung al vertice della categoria. Risoluzione di 1340&#215;800 pixel. Davvero un peccato la fotocamera, 0 megapixel, e di registrare video in alta definizione (Full HD) alla risoluzione di 1920&#215;1080 pixel. Non dispone del flash. Facendo un check sulle dimensioni, lo spessore di 8mm \u00e8 veramente contenuto e rende questo Samsung Galaxy Tab A9 ancora pi\u00f9 spettacolare.<\/p>","protected":false},"excerpt":{"rendered":"<p>Samsung Galaxy Tab A9 \u00e8 un tablet Android di fascia media, con una scheda tecnica ideale per chi non ha<\/p>","protected":false},"featured_media":31359,"comment_status":"open","ping_status":"closed","template":"","meta":[],"product_brand":[],"product_cat":[80,83],"product_tag":[178,128,214,283,166,215,158,282,179,242,187,197],"class_list":{"0":"post-31355","1":"product","2":"type-product","3":"status-publish","4":"has-post-thumbnail","6":"product_cat-android","7":"product_cat-tablet-android","8":"product_tag-12-mesi-garanzia","9":"product_tag-128gb","10":"product_tag-64gb","11":"product_tag-andoid","12":"product_tag-argento","13":"product_tag-buono","14":"product_tag-come-nuovo","15":"product_tag-galaxy-tab-a9","16":"product_tag-garanzia-24-mesi","17":"product_tag-garanzia-6-mesi","18":"product_tag-grigio","19":"product_tag-ottimo","20":"pa_ram-4gb","22":"first","23":"outofstock","24":"shipping-taxable","25":"product-type-variable","26":"has-default-attributes"},"_links":{"self":[{"href":"https:\/\/tech-away.it\/en\/wp-json\/wp\/v2\/product\/31355","targetHints":{"allow":["GET"]}}],"collection":[{"href":"https:\/\/tech-away.it\/en\/wp-json\/wp\/v2\/product"}],"about":[{"href":"https:\/\/tech-away.it\/en\/wp-json\/wp\/v2\/types\/product"}],"replies":[{"embeddable":true,"href":"https:\/\/tech-away.it\/en\/wp-json\/wp\/v2\/comments?post=31355"}],"version-history":[{"count":4,"href":"https:\/\/tech-away.it\/en\/wp-json\/wp\/v2\/product\/31355\/revisions"}],"predecessor-version":[{"id":31404,"href":"https:\/\/tech-away.it\/en\/wp-json\/wp\/v2\/product\/31355\/revisions\/31404"}],"wp:featuredmedia":[{"embeddable":true,"href":"https:\/\/tech-away.it\/en\/wp-json\/wp\/v2\/media\/31359"}],"wp:attachment":[{"href":"https:\/\/tech-away.it\/en\/wp-json\/wp\/v2\/media?parent=31355"}],"wp:term":[{"taxonomy":"product_brand","embeddable":true,"href":"https:\/\/tech-away.it\/en\/wp-json\/wp\/v2\/product_brand?post=31355"},{"taxonomy":"product_cat","embeddable":true,"href":"https:\/\/tech-away.it\/en\/wp-json\/wp\/v2\/product_cat?post=31355"},{"taxonomy":"product_tag","embeddable":true,"href":"https:\/\/tech-away.it\/en\/wp-json\/wp\/v2\/product_tag?post=31355"}],"curies":[{"name":"wp","href":"https:\/\/api.w.org\/{rel}","templated":true}]}}