{"id":31029,"date":"2025-03-13T16:59:45","date_gmt":"2025-03-13T16:59:45","guid":{"rendered":"https:\/\/tech-away.it\/?post_type=product&#038;p=31029"},"modified":"2025-11-20T10:47:35","modified_gmt":"2025-11-20T10:47:35","slug":"ipad-air-m2-13-2024-6a-generazione","status":"publish","type":"product","link":"https:\/\/tech-away.it\/en\/product\/ipad-air-m2-13-2024-6a-generazione\/","title":{"rendered":"iPad Air M2 13 (2024) 6th generation"},"content":{"rendered":"<p>L&#8217;iPad Air 13&#8243; (2024) di sesta generazione unisce potenza e versatilit\u00e0 grazie al chip M2, che garantisce prestazioni fluide e reattive per ogni attivit\u00e0, dal multitasking alla creativit\u00e0. Il grande display Liquid Retina da 13 pollici offre colori vividi e dettagli precisi, ideale per il lavoro e l&#8217;intrattenimento. La fotocamera frontale ultra-grandangolare \u00e8 ora posizionata in orizzontale per videochiamate ancora pi\u00f9 naturali, mentre il supporto per Apple Pencil (USB-C) e Magic Keyboard lo rende perfetto per professionisti e studenti. Connettivit\u00e0 avanzata con Wi-Fi 6E, Touch ID per uno sblocco sicuro e un design sottile e leggero disponibile in quattro eleganti colori: Blu, Viola, Grigio siderale e Galassia.<\/p>","protected":false},"excerpt":{"rendered":"<p>L&#8217;iPad Air 13&#8243; (2024) di sesta generazione unisce potenza e versatilit\u00e0 grazie al chip M2, che garantisce prestazioni fluide e<\/p>","protected":false},"featured_media":30848,"comment_status":"open","ping_status":"closed","template":"","meta":[],"product_brand":[],"product_cat":[71,75],"product_tag":[178,128,153,151,152,129,166,130,227,179,242,199,257,204],"class_list":{"0":"post-31029","1":"product","2":"type-product","3":"status-publish","4":"has-post-thumbnail","6":"product_cat-apple","7":"product_cat-ipad","8":"product_tag-12-mesi-garanzia","9":"product_tag-128gb","10":"product_tag-1tb","11":"product_tag-256gb","12":"product_tag-512gb","13":"product_tag-apple","14":"product_tag-argento","15":"product_tag-blu","16":"product_tag-galassia","17":"product_tag-garanzia-24-mesi","18":"product_tag-garanzia-6-mesi","19":"product_tag-grigio-siderale","20":"product_tag-ipad-air-m2","21":"product_tag-viola","23":"first","24":"outofstock","25":"shipping-taxable","26":"product-type-variable","27":"has-default-attributes"},"_links":{"self":[{"href":"https:\/\/tech-away.it\/en\/wp-json\/wp\/v2\/product\/31029","targetHints":{"allow":["GET"]}}],"collection":[{"href":"https:\/\/tech-away.it\/en\/wp-json\/wp\/v2\/product"}],"about":[{"href":"https:\/\/tech-away.it\/en\/wp-json\/wp\/v2\/types\/product"}],"replies":[{"embeddable":true,"href":"https:\/\/tech-away.it\/en\/wp-json\/wp\/v2\/comments?post=31029"}],"version-history":[{"count":1,"href":"https:\/\/tech-away.it\/en\/wp-json\/wp\/v2\/product\/31029\/revisions"}],"predecessor-version":[{"id":31173,"href":"https:\/\/tech-away.it\/en\/wp-json\/wp\/v2\/product\/31029\/revisions\/31173"}],"wp:featuredmedia":[{"embeddable":true,"href":"https:\/\/tech-away.it\/en\/wp-json\/wp\/v2\/media\/30848"}],"wp:attachment":[{"href":"https:\/\/tech-away.it\/en\/wp-json\/wp\/v2\/media?parent=31029"}],"wp:term":[{"taxonomy":"product_brand","embeddable":true,"href":"https:\/\/tech-away.it\/en\/wp-json\/wp\/v2\/product_brand?post=31029"},{"taxonomy":"product_cat","embeddable":true,"href":"https:\/\/tech-away.it\/en\/wp-json\/wp\/v2\/product_cat?post=31029"},{"taxonomy":"product_tag","embeddable":true,"href":"https:\/\/tech-away.it\/en\/wp-json\/wp\/v2\/product_tag?post=31029"}],"curies":[{"name":"wp","href":"https:\/\/api.w.org\/{rel}","templated":true}]}}