{"id":30357,"date":"2025-03-10T17:32:54","date_gmt":"2025-03-10T17:32:54","guid":{"rendered":"https:\/\/tech-away.it\/?post_type=product&#038;p=30357"},"modified":"2025-11-20T10:47:34","modified_gmt":"2025-11-20T10:47:34","slug":"apple-airpods-3a-generazione-2021-custodia-di-ricarica-magsafe","status":"publish","type":"product","link":"https:\/\/tech-away.it\/en\/product\/apple-airpods-3a-generazione-2021-custodia-di-ricarica-magsafe\/","title":{"rendered":"Apple AirPods 3a generazione (2021) &#8211; Custodia di ricarica MagSafe"},"content":{"rendered":"<div class=\"sc-f9f83eec-0 dkSVao\">\n<div class=\"sc-835d3f28-0 kTdeVZ sc-3adda28f-1 frfwRQ\">\n<div class=\"sc-a06385e1-0 bYhcYE\">\n<div class=\"sc-3adda28f-2 iINtHz\">\n<div class=\"sc-3adda28f-3 gOicSi\">\n<div>\n<div class=\"sc-3f7fbab4-0 fRdOGk\">\n<p class=\"sc-d571b66f-0 htKvVi\">Gli AirPods 3\u00aa generazione sonoil pi\u00f9 recente e diffuso gioiello tecnologico di Apple nel mondo delle cuffie wireless, grazie al loro design iconico e alle caratteristiche all&#8217;avanguardia. Ci\u00f2 che rende queste cuffie cos\u00ec interessanti sono diversi aspetti tra cui: il comfort eccezionale, la qualit\u00e0 audio ad alta dinamica e la praticit\u00e0 dei controlli<\/p>\n<h3 class=\"sc-d571b66f-0 zkSDl\">Design and comfort<\/h3>\n<p class=\"sc-d571b66f-0 htKvVi\">Le nuove AirPods 3\u00aa generazione assomigliano alle AirPods Pro, ma presentano un design distintivo: gli auricolari sono pi\u00f9 leggeri rispetto a quelli del modello Pro, fattore chiave per offrire un comfort eccezionale anche durante l&#8217;uso prolungato. Le AirPods 3\u00aa generazione si adattano perfettamente al cavo auricolare, rimanendo stabili durante l&#8217;attivit\u00e0 fisica; in pi\u00f9 sono resistenti al sudore e ad eventuali gocce di pioggia grazie alla certificazione IPX4. In pi\u00f9, i sensori di rilevamento della pelle permettono agli auricolari di capire quando vengono svestiti: in questo caso la riproduzione musicale si ferma automaticamente.<\/p>\n<h3 class=\"sc-d571b66f-0 zkSDl\">Touch controls and voice assistant<\/h3>\n<p class=\"sc-d571b66f-0 htKvVi\">Le AirPods 3\u00aa generazione ereditano i controlli touch delle AirPods Pro, cos\u00ec da garantire un&#8217;interazione precisa e intuitiva. \u00c8 possibile, per esempio, avviare o mettere in pausa la riproduzione con un tocco, passare alla traccia successiva con due tocchi, a quella precedente con tre e attivare l&#8217;assistente vocale Siri tramite comandi vocali o semplicemente tenendo premuto lo stick. Questo sistema di controllo rende l&#8217;utilizzo delle cuffie estremamente comodo, anche senza tirare fuori dalla tasca lo smartphone.<\/p>\n<h3 class=\"sc-d571b66f-0 zkSDl\">Qualit\u00e0 audio<\/h3>\n<p class=\"sc-d571b66f-0 htKvVi\">Queste cuffie true wireless rappresentano un notevole passo avanti rispetto ai modelli precedenti: le AirPods 3\u00aa generazione, infatti, offrono una qualit\u00e0 audio sorprendentemente elevata grazie al chip H1integrato e all&#8217;Adaptive EQ, un equalizzatore che corregge la timbrica della musica per bilanciarla rispetto all\u2019ambiente. Inoltre, le AirPods 3\u00aa generazione sono anche compatibili con l\u2019audio spaziale e le tracce Dolby Atmos e, per il videogame compatibili, tracciano anche i movimenti della testa per modificare di conseguenza la provenienza dei suoni.<\/p>\n<h3 class=\"sc-d571b66f-0 zkSDl\">Autonomy<\/h3>\n<p class=\"sc-d571b66f-0 htKvVi\">Gli AirPods 3\u00aa generazione garantiscono fino a 6 ore di riproduzione audio e 4 ore di conversazione con una sola carica. Ma grazie alla custodia che integra delle batterie di ricarica, \u00e8 possibile prolungare l\u2019autonomia rispettivamente di ulteriori 24 ore di ascolto e 16 ore di conversazione, pari a 4 ricariche aggiuntive. Questa autonomia abbondante consente un utilizzo prolungato senza preoccupazioni.<\/p>\n<p class=\"sc-d571b66f-0 htKvVi\">Gli AirPods 3\u00aa generazione sono una scelta eccellente per chi cerca cuffie confortevoli, con comandi intuitivi e audio di alta qualit\u00e0. Il loro equilibrio tra comfort e prestazioni e convenienza le rende ideali per molti usi e tantissimi utenti. Tieni sempre sott\u2019occhio le offerte MediaWorld relative agli AirPods 3\u00aa generazione.<\/p>\n<\/div>\n<\/div>\n<\/div>\n<\/div>\n<\/div>\n<\/div>\n<\/div>\n<div class=\"sc-f9f83eec-0 dkSVao\">\n<div class=\"sc-835d3f28-0 kTdeVZ sc-3adda28f-1 frfwRQ\">\n<div class=\"sc-a06385e1-0 GJOUs\"><\/div>\n<div class=\"sc-a06385e1-0 bYhcYE\" data-test=\"mms-show-more-brands\"><\/div>\n<\/div>\n<\/div>","protected":false},"excerpt":{"rendered":"<p>Gli AirPods 3\u00aa generazione sonoil pi\u00f9 recente e diffuso gioiello tecnologico di Apple nel mondo delle cuffie wireless, grazie al<\/p>","protected":false},"featured_media":30363,"comment_status":"open","ping_status":"closed","template":"","meta":[],"product_brand":[],"product_cat":[261,71,120],"product_tag":[170,178,237,236,129,194,215,158,179,197],"class_list":{"0":"post-30357","1":"product","2":"type-product","3":"status-publish","4":"has-post-thumbnail","6":"product_cat-airpods","7":"product_cat-apple","8":"product_cat-audio","9":"product_tag-12-mesi","10":"product_tag-12-mesi-garanzia","11":"product_tag-3a-generazione","12":"product_tag-airpods","13":"product_tag-apple","14":"product_tag-bianco","15":"product_tag-buono","16":"product_tag-come-nuovo","17":"product_tag-garanzia-24-mesi","18":"product_tag-ottimo","20":"first","21":"outofstock","22":"shipping-taxable","23":"product-type-variable","24":"has-default-attributes"},"_links":{"self":[{"href":"https:\/\/tech-away.it\/en\/wp-json\/wp\/v2\/product\/30357","targetHints":{"allow":["GET"]}}],"collection":[{"href":"https:\/\/tech-away.it\/en\/wp-json\/wp\/v2\/product"}],"about":[{"href":"https:\/\/tech-away.it\/en\/wp-json\/wp\/v2\/types\/product"}],"replies":[{"embeddable":true,"href":"https:\/\/tech-away.it\/en\/wp-json\/wp\/v2\/comments?post=30357"}],"version-history":[{"count":3,"href":"https:\/\/tech-away.it\/en\/wp-json\/wp\/v2\/product\/30357\/revisions"}],"predecessor-version":[{"id":31326,"href":"https:\/\/tech-away.it\/en\/wp-json\/wp\/v2\/product\/30357\/revisions\/31326"}],"wp:featuredmedia":[{"embeddable":true,"href":"https:\/\/tech-away.it\/en\/wp-json\/wp\/v2\/media\/30363"}],"wp:attachment":[{"href":"https:\/\/tech-away.it\/en\/wp-json\/wp\/v2\/media?parent=30357"}],"wp:term":[{"taxonomy":"product_brand","embeddable":true,"href":"https:\/\/tech-away.it\/en\/wp-json\/wp\/v2\/product_brand?post=30357"},{"taxonomy":"product_cat","embeddable":true,"href":"https:\/\/tech-away.it\/en\/wp-json\/wp\/v2\/product_cat?post=30357"},{"taxonomy":"product_tag","embeddable":true,"href":"https:\/\/tech-away.it\/en\/wp-json\/wp\/v2\/product_tag?post=30357"}],"curies":[{"name":"wp","href":"https:\/\/api.w.org\/{rel}","templated":true}]}}